{"id":26,"date":"2022-05-17T19:59:55","date_gmt":"2022-05-17T17:59:55","guid":{"rendered":"http:\/\/ancetresclermont.be\/?page_id=26"},"modified":"2025-06-11T09:00:22","modified_gmt":"2025-06-11T07:00:22","slug":"inscriptions-2022","status":"publish","type":"page","link":"https:\/\/ancetresclermont.be\/?page_id=26","title":{"rendered":"Inscriptions"},"content":{"rendered":"<p>[et_pb_section fb_built=&#8221;1&#8243; _builder_version=&#8221;4.1&#8243; background_color=&#8221;#5e262f&#8221;][et_pb_row _builder_version=&#8221;4.1&#8243;][et_pb_column type=&#8221;4_4&#8243; _builder_version=&#8221;4.1&#8243;][et_pb_text _builder_version=&#8221;4.1&#8243; custom_padding=&#8221;26px|||||&#8221;]<\/p>\n<h1 style=\"text-align: center;\"><em><strong><span style=\"color: #ffffff;\">MEMORIAL CLAUDY DE BELS<\/span><\/strong><\/em><\/h1>\n<h1 style=\"text-align: center;\"><em><strong><span style=\"color: #ffffff;\">20eme concentration &#8220;anc\u00eatres&#8221;<\/span><\/strong><\/em><\/h1>\n<p>&nbsp;<\/p>\n<p>[\/et_pb_text][et_pb_text _builder_version=&#8221;4.1&#8243;]<\/p>\n<h3><span style=\"color: #ffffff;\">INSCRIPTIONS 2025<\/span><\/h3>\n<h3><span style=\"color: #ffffff;\">Dimanche 15 juin 2025<\/span><\/h3>\n<h3><span style=\"color: #ffffff;\">Place du Puits 5650 clermont (Walcourt)<\/span><\/h3>\n<p>[\/et_pb_text][\/et_pb_column][\/et_pb_row][et_pb_row column_structure=&#8221;3_5,2_5&#8243; _builder_version=&#8221;4.1&#8243;][et_pb_column type=&#8221;3_5&#8243; _builder_version=&#8221;4.1&#8243;][et_pb_text _builder_version=&#8221;4.1&#8243; custom_margin=&#8221;-17px|||||&#8221; custom_padding=&#8221;0px|||||&#8221;]<\/p>\n<p style=\"font-weight: 400; text-align: center;\"><span style=\"color: #ffffff;\"><strong><\/strong><\/span><\/p>\n<p>&nbsp;<\/p>\n<p style=\"font-weight: 400; text-align: center;\"><span style=\"color: #ffffff; font-size: xx-large;\"><strong><\/strong><\/span><\/p>\n<p>&nbsp;<\/p>\n<p style=\"font-weight: 400;\"><span style=\"color: #ffffff; font-size: xx-large;\"><strong><u>Programme\u00a0:<\/u><\/strong><\/span><\/p>\n<p>&nbsp;<\/p>\n<p style=\"font-weight: 400;\"><span style=\"color: #ffffff;\"><strong>\u00a0<\/strong><\/span><\/p>\n<h5><span style=\"color: #ffffff;\">\u00a0<\/span><\/h5>\n<h5 class=\"elementToProof\"><span style=\"color: #ffffff;\">08h00 : Accueil des participants, petit d\u00e9jeuner, plaques rallye, \u2026<\/span><\/h5>\n<p><span style=\"color: #ffffff;\"><\/span><\/p>\n<h5 class=\"elementToProof\"><span style=\"color: #ffffff;\">08h45 : D\u00e9part group\u00e9 allure r\u00e9duite pour +\/- 45 Km.<\/span><\/h5>\n<h5 class=\"elementToProof\"><span style=\"color: #ffffff;\"><\/span><\/h5>\n<h5 class=\"elementToProof\"><span style=\"color: #ffffff;\">09h15 : D\u00e9part parcours allure libre (distribution du road-book) de +\/- 75 Km.<\/span><\/h5>\n<h5 class=\"elementToProof\"><span style=\"color: #ffffff;\"><\/span><\/h5>\n<h5 class=\"elementToProof\"><span style=\"color: #ffffff;\">12h30 : Ap\u00e9ritif et diner \u00e0 Clermont.<\/span><\/h5>\n<h5 class=\"elementToProof\"><span style=\"color: #ffffff;\"><\/span><\/h5>\n<h5 class=\"elementToProof\"><span style=\"color: #ffffff;\">15h00 : D\u00e9part group\u00e9 allure r\u00e9duite pour +\/- 30 Km.<\/span><\/h5>\n<h5 class=\"elementToProof\"><span style=\"color: #ffffff;\"><\/span><\/h5>\n<h5 class=\"elementToProof\"><span style=\"color: #ffffff;\">15h15 : D\u00e9part parcours allure libre (distribution du road-book) de +\/- 45 Km.<\/span><\/h5>\n<h5 class=\"elementToProof\"><span style=\"color: #ffffff;\"><\/span><\/h5>\n<h5 class=\"elementToProof\"><span style=\"color: #ffffff;\">17h30 : Remise des prix.<\/span><\/h5>\n<p><span style=\"color: #ffffff;\">\u00a0<\/span><\/p>\n<p style=\"font-weight: 400;\"><span style=\"color: #ffffff; font-size: xx-large;\"><strong>\u00a0<\/strong><\/span><\/p>\n<p>&nbsp;<\/p>\n<p style=\"font-weight: 400;\"><span style=\"color: #ffffff; font-size: large;\"><\/span><\/p>\n<p>&nbsp;<\/p>\n<p style=\"font-weight: 400;\"><span style=\"color: #ffffff; font-size: large;\"><strong><\/strong><\/span><\/p>\n<p>&nbsp;<\/p>\n<p style=\"font-weight: 400;\"><span lang=\"FR\" style=\"color: #ffffff; font-size: large;\"><\/span><\/p>\n<p>&nbsp;<\/p>\n<p>[\/et_pb_text][et_pb_text _builder_version=&#8221;4.1&#8243;]<\/p>\n<p style=\"font-weight: 400;\"><span style=\"font-size: x-large; color: #ffffff;\"><strong>Droit d\u2019inscription\u00a0: <\/strong><\/span><\/p>\n<ul>\n<li class=\"elementToProof\">\n<p><span style=\"color: #ffffff;\"> 40 \u20ac pour le v\u00e9hicule et son conducteur comprenant\u00a0: Petit d\u00e9jeuner \u2013 Visite + boisson &#8211; Ap\u00e9ritif, repas et dessert &#8211; plaque rallye &#8211; colis de d\u00e9part &#8211; road-book &#8211; souvenir.<\/span><\/p>\n<\/li>\n<li>\n<p><span style=\"color: #ffffff;\">35 \u20ac par personne suppl\u00e9mentaire comprenant : Petit d\u00e9jeuner \u2013 Visite + boisson &#8211; Ap\u00e9ritif, repas et dessert.<\/span><\/p>\n<\/li>\n<li>\n<p><span style=\"color: #ffffff;\">20 \u20ac pour les enfants de moins de 12 ans comprenant\u00a0: Petit d\u00e9jeuner \u2013 Visite + boisson &#8211; Soft drink, repas et dessert<\/span><\/p>\n<\/li>\n<\/ul>\n<p><span style=\"color: #000000;\">\u00a0<\/span><\/p>\n<p>[\/et_pb_text][et_pb_text _builder_version=&#8221;4.1&#8243; hover_enabled=&#8221;0&#8243;]<\/p>\n<h1><span style=\"color: #ff0000;\">Inscriptions sont clotur\u00e9es<\/span><\/h1>\n<p>[\/et_pb_text][\/et_pb_column][et_pb_column type=&#8221;2_5&#8243; _builder_version=&#8221;4.1&#8243;][et_pb_image src=&#8221;http:\/\/ancetresclermont.be\/wp-content\/uploads\/2022\/05\/Capture-decran-2022-05-18-a-09.52.37.jpg&#8221; align=&#8221;center&#8221; _builder_version=&#8221;4.1&#8243; custom_margin=&#8221;||-65px|||&#8221; custom_padding=&#8221;0px|||||&#8221;][\/et_pb_image][et_pb_text _builder_version=&#8221;4.1&#8243; custom_padding=&#8221;123px|||||&#8221;]<\/p>\n<p><strong><span color=\"#ffffff\" size=\"4\" style=\"color: #ffffff; font-size: large;\">R\u00e9servations souhait\u00e9es avant le 01\u00a0<span style=\"caret-color: #ffffff;\">juin<\/span>\u00a02025. <\/span><\/strong><\/p>\n<p><span style=\"color: #ffffff; font-size: large;\"><strong>L\u2019inscription sera effective apr\u00e8s r\u00e9ception du bulletin d\u2019inscription et du\u00a0 payement. <\/strong><\/span><\/p>\n<p><span style=\"color: #ffffff; font-size: large;\">Payement par virement sur le compte IBAN\u00a0: BE75 0688 8912 3851 \u00a0\u00a0\u00a0BIC\u00a0: GKCCBEBB.<\/span><\/p>\n<p><span lang=\"FR\" style=\"color: #ffffff; font-size: large;\">Le comit\u00e9 d\u00e9cline toute responsabilit\u00e9 en cas d\u2019accident, Vos v\u00e9hicules doivent \u00eatre couverts par \u00a0un certificat d\u2019assurance en cours de validit\u00e9<\/span><\/p>\n<p>[\/et_pb_text][\/et_pb_column][\/et_pb_row][\/et_pb_section]<\/p>\n","protected":false},"excerpt":{"rendered":"<p>[et_pb_section fb_built=&#8221;1&#8243; _builder_version=&#8221;4.1&#8243; background_color=&#8221;#5e262f&#8221;][et_pb_row _builder_version=&#8221;4.1&#8243;][et_pb_column type=&#8221;4_4&#8243; _builder_version=&#8221;4.1&#8243;][et_pb_text _builder_version=&#8221;4.1&#8243; custom_padding=&#8221;26px|||||&#8221;] MEMORIAL CLAUDY DE BELS 20eme concentration &#8220;anc\u00eatres&#8221; &nbsp; [\/et_pb_text][et_pb_text _builder_version=&#8221;4.1&#8243;] INSCRIPTIONS 2025 Dimanche 15 juin 2025 Place du Puits 5650 clermont (Walcourt) [\/et_pb_text][\/et_pb_column][\/et_pb_row][et_pb_row column_structure=&#8221;3_5,2_5&#8243; _builder_version=&#8221;4.1&#8243;][et_pb_column type=&#8221;3_5&#8243; _builder_version=&#8221;4.1&#8243;][et_pb_text _builder_version=&#8221;4.1&#8243; custom_margin=&#8221;-17px|||||&#8221; custom_padding=&#8221;0px|||||&#8221;] &nbsp; &nbsp; Programme\u00a0: &nbsp; \u00a0 \u00a0 08h00 : Accueil des participants, petit d\u00e9jeuner, plaques rallye, \u2026 [&hellip;]<\/p>\n","protected":false},"author":1,"featured_media":0,"parent":0,"menu_order":0,"comment_status":"closed","ping_status":"closed","template":"","meta":{"_et_pb_use_builder":"on","_et_pb_old_content":"","_et_gb_content_width":"1080","footnotes":""},"class_list":["post-26","page","type-page","status-publish","hentry"],"_links":{"self":[{"href":"https:\/\/ancetresclermont.be\/index.php?rest_route=\/wp\/v2\/pages\/26","targetHints":{"allow":["GET"]}}],"collection":[{"href":"https:\/\/ancetresclermont.be\/index.php?rest_route=\/wp\/v2\/pages"}],"about":[{"href":"https:\/\/ancetresclermont.be\/index.php?rest_route=\/wp\/v2\/types\/page"}],"author":[{"embeddable":true,"href":"https:\/\/ancetresclermont.be\/index.php?rest_route=\/wp\/v2\/users\/1"}],"replies":[{"embeddable":true,"href":"https:\/\/ancetresclermont.be\/index.php?rest_route=%2Fwp%2Fv2%2Fcomments&post=26"}],"version-history":[{"count":44,"href":"https:\/\/ancetresclermont.be\/index.php?rest_route=\/wp\/v2\/pages\/26\/revisions"}],"predecessor-version":[{"id":236,"href":"https:\/\/ancetresclermont.be\/index.php?rest_route=\/wp\/v2\/pages\/26\/revisions\/236"}],"wp:attachment":[{"href":"https:\/\/ancetresclermont.be\/index.php?rest_route=%2Fwp%2Fv2%2Fmedia&parent=26"}],"curies":[{"name":"wp","href":"https:\/\/api.w.org\/{rel}","templated":true}]}}